{"id":1781,"date":"2020-08-15T10:59:25","date_gmt":"2020-08-15T10:59:25","guid":{"rendered":"https:\/\/www.triangle-management.eu\/?page_id=1781"},"modified":"2024-09-29T16:25:08","modified_gmt":"2024-09-29T16:25:08","slug":"impressum","status":"publish","type":"page","link":"https:\/\/www.triangle-management.eu\/en\/impressum\/","title":{"rendered":"Imprint"},"content":{"rendered":"<div data-elementor-type=\"wp-page\" data-elementor-id=\"1781\" class=\"elementor elementor-1781\">\n\t\t\t\t\t\t<section class=\"elementor-section elementor-top-section elementor-element elementor-element-666e284 elementor-section-height-min-height elementor-section-boxed elementor-section-height-default elementor-section-items-middle\" data-id=\"666e284\" data-element_type=\"section\">\n\t\t\t\t\t\t<div class=\"elementor-container elementor-column-gap-default\">\n\t\t\t\t\t<div class=\"elementor-column elementor-col-100 elementor-top-column elementor-element elementor-element-2b3eb02\" data-id=\"2b3eb02\" data-element_type=\"column\">\n\t\t\t<div class=\"elementor-widget-wrap elementor-element-populated\">\n\t\t\t\t\t\t<div class=\"elementor-element elementor-element-1668f16 elementor-widget elementor-widget-text-editor\" data-id=\"1668f16\" data-element_type=\"widget\" data-widget_type=\"text-editor.default\">\n\t\t\t\t<div class=\"elementor-widget-container\">\n\t\t\t\t\t\t\t<div class=\"et_pb_module et_pb_text et_pb_text_0 et_pb_text_align_left et_pb_bg_layout_light\"><div class=\"et_pb_text_inner\"><h1>Imprint<\/h1><p><strong>Gastone GmbH<\/strong><\/p><p>Krugerstrasse 2\/10 | 1010 Vienna | Austria<br \/><span style=\"color: #ffffff;\"><a style=\"color: #ffffff;\" href=\"tel:+43 1 484 90 01\">+43 1 484 90 01<\/a><\/span><br \/><a href=\"mailto:booking@triangle-management.eu\"><span style=\"color: #ffffff;\">booking@triangle-management.eu<\/span><\/a><\/p><p>Commercial court of Klosterneuburg<br \/>FN 565214y<br \/>UID-Nr.: ATU77680001<br \/>Managing Director: Elvis Nikolic<\/p><\/div><\/div>\t\t\t\t\t\t<\/div>\n\t\t\t\t<\/div>\n\t\t\t\t\t<\/div>\n\t\t<\/div>\n\t\t\t\t\t<\/div>\n\t\t<\/section>\n\t\t\t\t<\/div>","protected":false},"excerpt":{"rendered":"<p>Impressum Gastone GmbH Krugerstrasse 2\/10 | 1010 Wien | \u00d6sterreich+43 1 484 90 01booking@triangle-management.eu Handelsgericht KlosterneuburgFN 565214yUID-Nr.: ATU77680001Gesch\u00e4ftsf\u00fchrer: Herr Elvis Nikolic<\/p>","protected":false},"author":5,"featured_media":0,"parent":0,"menu_order":0,"comment_status":"closed","ping_status":"closed","template":"","meta":[],"yoast_head":"<!-- This site is optimized with the Yoast SEO plugin v21.1 - https:\/\/yoast.com\/wordpress\/plugins\/seo\/ -->\n<title>Impressum - TRIANGLE Hotel in Klosterneuburg n\u00e4he WIen<\/title>\n<meta name=\"description\" content=\"Impressum TRIANGLE Management GmbH Krugerstra\u00dfe 2\/10 | 1010 Wien| Austria\" \/>\n<meta name=\"robots\" content=\"index, follow, max-snippet:-1, max-image-preview:large, max-video-preview:-1\" \/>\n<link rel=\"canonical\" href=\"https:\/\/www.triangle-management.eu\/en\/impressum\/\" \/>\n<meta property=\"og:locale\" content=\"en_US\" \/>\n<meta property=\"og:type\" content=\"article\" \/>\n<meta property=\"og:title\" content=\"Impressum - TRIANGLE Hotel in Klosterneuburg n\u00e4he WIen\" \/>\n<meta property=\"og:description\" content=\"Impressum TRIANGLE Management GmbH Krugerstra\u00dfe 2\/10 | 1010 Wien| Austria\" \/>\n<meta property=\"og:url\" content=\"https:\/\/www.triangle-management.eu\/en\/impressum\/\" \/>\n<meta property=\"og:site_name\" content=\"TRIANGLE Hotel\" \/>\n<meta property=\"article:modified_time\" content=\"2024-09-29T16:25:08+00:00\" \/>\n<meta name=\"twitter:card\" content=\"summary_large_image\" \/>\n<meta name=\"twitter:label1\" content=\"Est. reading time\" \/>\n\t<meta name=\"twitter:data1\" content=\"1 minute\" \/>\n<script type=\"application\/ld+json\" class=\"yoast-schema-graph\">{\"@context\":\"https:\/\/schema.org\",\"@graph\":[{\"@type\":\"WebPage\",\"@id\":\"https:\/\/www.triangle-management.eu\/impressum\/\",\"url\":\"https:\/\/www.triangle-management.eu\/impressum\/\",\"name\":\"Impressum - TRIANGLE Hotel in Klosterneuburg n\u00e4he WIen\",\"isPartOf\":{\"@id\":\"https:\/\/www.triangle-management.eu\/#website\"},\"datePublished\":\"2020-08-15T10:59:25+00:00\",\"dateModified\":\"2024-09-29T16:25:08+00:00\",\"description\":\"Impressum TRIANGLE Management GmbH Krugerstra\u00dfe 2\/10 | 1010 Wien| Austria\",\"breadcrumb\":{\"@id\":\"https:\/\/www.triangle-management.eu\/impressum\/#breadcrumb\"},\"inLanguage\":\"en-US\",\"potentialAction\":[{\"@type\":\"ReadAction\",\"target\":[\"https:\/\/www.triangle-management.eu\/impressum\/\"]}]},{\"@type\":\"BreadcrumbList\",\"@id\":\"https:\/\/www.triangle-management.eu\/impressum\/#breadcrumb\",\"itemListElement\":[{\"@type\":\"ListItem\",\"position\":1,\"name\":\"Home\",\"item\":\"https:\/\/www.triangle-management.eu\/\"},{\"@type\":\"ListItem\",\"position\":2,\"name\":\"Impressum\"}]},{\"@type\":\"WebSite\",\"@id\":\"https:\/\/www.triangle-management.eu\/#website\",\"url\":\"https:\/\/www.triangle-management.eu\/\",\"name\":\"TRIANGLE Hotel\",\"description\":\"Das TRIANGLE Hotel bietet Platz f\u00fcr bis zu 100 Personen und einen Idealen Standort f\u00fcr gr\u00f6\u00dfere Gruppen.\",\"publisher\":{\"@id\":\"https:\/\/www.triangle-management.eu\/#organization\"},\"potentialAction\":[{\"@type\":\"SearchAction\",\"target\":{\"@type\":\"EntryPoint\",\"urlTemplate\":\"https:\/\/www.triangle-management.eu\/?s={search_term_string}\"},\"query-input\":\"required name=search_term_string\"}],\"inLanguage\":\"en-US\"},{\"@type\":\"Organization\",\"@id\":\"https:\/\/www.triangle-management.eu\/#organization\",\"name\":\"Triangle Hotel\",\"url\":\"https:\/\/www.triangle-management.eu\/\",\"logo\":{\"@type\":\"ImageObject\",\"inLanguage\":\"en-US\",\"@id\":\"https:\/\/www.triangle-management.eu\/#\/schema\/logo\/image\/\",\"url\":\"https:\/\/www.triangle-management.eu\/wp-content\/uploads\/2021\/04\/triangle-logo-2021-black.png\",\"contentUrl\":\"https:\/\/www.triangle-management.eu\/wp-content\/uploads\/2021\/04\/triangle-logo-2021-black.png\",\"width\":1000,\"height\":231,\"caption\":\"Triangle Hotel\"},\"image\":{\"@id\":\"https:\/\/www.triangle-management.eu\/#\/schema\/logo\/image\/\"}}]}<\/script>\n<!-- \/ Yoast SEO plugin. -->","yoast_head_json":{"title":"Impressum - TRIANGLE Hotel in Klosterneuburg n\u00e4he WIen","description":"Impressum TRIANGLE Management GmbH Krugerstra\u00dfe 2\/10 | 1010 Wien| Austria","robots":{"index":"index","follow":"follow","max-snippet":"max-snippet:-1","max-image-preview":"max-image-preview:large","max-video-preview":"max-video-preview:-1"},"canonical":"https:\/\/www.triangle-management.eu\/en\/impressum\/","og_locale":"en_US","og_type":"article","og_title":"Impressum - TRIANGLE Hotel in Klosterneuburg n\u00e4he WIen","og_description":"Impressum TRIANGLE Management GmbH Krugerstra\u00dfe 2\/10 | 1010 Wien| Austria","og_url":"https:\/\/www.triangle-management.eu\/en\/impressum\/","og_site_name":"TRIANGLE Hotel","article_modified_time":"2024-09-29T16:25:08+00:00","twitter_card":"summary_large_image","twitter_misc":{"Est. reading time":"1 minute"},"schema":{"@context":"https:\/\/schema.org","@graph":[{"@type":"WebPage","@id":"https:\/\/www.triangle-management.eu\/impressum\/","url":"https:\/\/www.triangle-management.eu\/impressum\/","name":"Impressum - TRIANGLE Hotel in Klosterneuburg n\u00e4he WIen","isPartOf":{"@id":"https:\/\/www.triangle-management.eu\/#website"},"datePublished":"2020-08-15T10:59:25+00:00","dateModified":"2024-09-29T16:25:08+00:00","description":"Impressum TRIANGLE Management GmbH Krugerstra\u00dfe 2\/10 | 1010 Wien| Austria","breadcrumb":{"@id":"https:\/\/www.triangle-management.eu\/impressum\/#breadcrumb"},"inLanguage":"en-US","potentialAction":[{"@type":"ReadAction","target":["https:\/\/www.triangle-management.eu\/impressum\/"]}]},{"@type":"BreadcrumbList","@id":"https:\/\/www.triangle-management.eu\/impressum\/#breadcrumb","itemListElement":[{"@type":"ListItem","position":1,"name":"Home","item":"https:\/\/www.triangle-management.eu\/"},{"@type":"ListItem","position":2,"name":"Impressum"}]},{"@type":"WebSite","@id":"https:\/\/www.triangle-management.eu\/#website","url":"https:\/\/www.triangle-management.eu\/","name":"TRIANGLE Hotel","description":"The TRIANGLE Hotel can accommodate up to 100 people and is an ideal location for larger groups.","publisher":{"@id":"https:\/\/www.triangle-management.eu\/#organization"},"potentialAction":[{"@type":"SearchAction","target":{"@type":"EntryPoint","urlTemplate":"https:\/\/www.triangle-management.eu\/?s={search_term_string}"},"query-input":"required name=search_term_string"}],"inLanguage":"en-US"},{"@type":"Organization","@id":"https:\/\/www.triangle-management.eu\/#organization","name":"Triangle Hotel","url":"https:\/\/www.triangle-management.eu\/","logo":{"@type":"ImageObject","inLanguage":"en-US","@id":"https:\/\/www.triangle-management.eu\/#\/schema\/logo\/image\/","url":"https:\/\/www.triangle-management.eu\/wp-content\/uploads\/2021\/04\/triangle-logo-2021-black.png","contentUrl":"https:\/\/www.triangle-management.eu\/wp-content\/uploads\/2021\/04\/triangle-logo-2021-black.png","width":1000,"height":231,"caption":"Triangle Hotel"},"image":{"@id":"https:\/\/www.triangle-management.eu\/#\/schema\/logo\/image\/"}}]}},"_links":{"self":[{"href":"https:\/\/www.triangle-management.eu\/en\/wp-json\/wp\/v2\/pages\/1781"}],"collection":[{"href":"https:\/\/www.triangle-management.eu\/en\/wp-json\/wp\/v2\/pages"}],"about":[{"href":"https:\/\/www.triangle-management.eu\/en\/wp-json\/wp\/v2\/types\/page"}],"author":[{"embeddable":true,"href":"https:\/\/www.triangle-management.eu\/en\/wp-json\/wp\/v2\/users\/5"}],"replies":[{"embeddable":true,"href":"https:\/\/www.triangle-management.eu\/en\/wp-json\/wp\/v2\/comments?post=1781"}],"version-history":[{"count":6,"href":"https:\/\/www.triangle-management.eu\/en\/wp-json\/wp\/v2\/pages\/1781\/revisions"}],"predecessor-version":[{"id":3537,"href":"https:\/\/www.triangle-management.eu\/en\/wp-json\/wp\/v2\/pages\/1781\/revisions\/3537"}],"wp:attachment":[{"href":"https:\/\/www.triangle-management.eu\/en\/wp-json\/wp\/v2\/media?parent=1781"}],"curies":[{"name":"wp","href":"https:\/\/api.w.org\/{rel}","templated":true}]}}